{"id":2056,"date":"2024-05-03T08:39:54","date_gmt":"2024-05-03T08:39:54","guid":{"rendered":"https:\/\/enjoyapartments.com\/responsabilitat-social\/"},"modified":"2025-05-22T20:42:16","modified_gmt":"2025-05-22T20:42:16","slug":"responsabilitat-social","status":"publish","type":"page","link":"https:\/\/enjoyapartments.com\/ca\/responsabilitat-social\/","title":{"rendered":"Responsabilitat Social"},"content":{"rendered":"\t\t<div data-elementor-type=\"wp-page\" data-elementor-id=\"2056\" class=\"elementor elementor-2056 elementor-538\" data-elementor-post-type=\"page\">\n\t\t\t\t\t\t<section class=\"elementor-section elementor-top-section elementor-element elementor-element-0b1bb4d elementor-section-height-min-height elementor-section-boxed elementor-section-height-default elementor-section-items-middle\" data-id=\"0b1bb4d\" data-element_type=\"section\" data-e-type=\"section\" data-settings=\"{&quot;background_background&quot;:&quot;classic&quot;}\">\n\t\t\t\t\t\t\t<div class=\"elementor-background-overlay\"><\/div>\n\t\t\t\t\t\t\t<div class=\"elementor-container elementor-column-gap-default\">\n\t\t\t\t\t<div class=\"elementor-column elementor-col-100 elementor-top-column elementor-element elementor-element-c99f196\" data-id=\"c99f196\" data-element_type=\"column\" data-e-type=\"column\">\n\t\t\t<div class=\"elementor-widget-wrap elementor-element-populated\">\n\t\t\t\t\t\t<div class=\"elementor-element elementor-element-54a5492 elementor-widget elementor-widget-heading\" data-id=\"54a5492\" data-element_type=\"widget\" data-e-type=\"widget\" data-widget_type=\"heading.default\">\n\t\t\t\t<div class=\"elementor-widget-container\">\n\t\t\t\t\t<h2 class=\"elementor-heading-title elementor-size-default\">Responsabilitat social i donacions corporatives\n<\/h2>\t\t\t\t<\/div>\n\t\t\t\t<\/div>\n\t\t\t\t<div class=\"elementor-element elementor-element-154f651 elementor-widget elementor-widget-text-editor\" data-id=\"154f651\" data-element_type=\"widget\" data-e-type=\"widget\" data-widget_type=\"text-editor.default\">\n\t\t\t\t<div class=\"elementor-widget-container\">\n\t\t\t\t\t\t\t\t\tPerqu\u00e8 \u00e9s important cuidar-se\n\n\t\t\t\t\t\t\t\t<\/div>\n\t\t\t\t<\/div>\n\t\t\t\t\t<\/div>\n\t\t<\/div>\n\t\t\t\t\t<\/div>\n\t\t<\/section>\n\t\t\t\t<section class=\"elementor-section elementor-top-section elementor-element elementor-element-a253d85 elementor-section-boxed elementor-section-height-default elementor-section-height-default\" data-id=\"a253d85\" data-element_type=\"section\" data-e-type=\"section\" data-settings=\"{&quot;background_background&quot;:&quot;classic&quot;}\">\n\t\t\t\t\t\t<div class=\"elementor-container elementor-column-gap-default\">\n\t\t\t\t\t<div class=\"elementor-column elementor-col-100 elementor-top-column elementor-element elementor-element-a601302\" data-id=\"a601302\" data-element_type=\"column\" data-e-type=\"column\">\n\t\t\t<div class=\"elementor-widget-wrap elementor-element-populated\">\n\t\t\t\t\t\t<section class=\"elementor-section elementor-inner-section elementor-element elementor-element-795be2f elementor-section-boxed elementor-section-height-default elementor-section-height-default\" data-id=\"795be2f\" data-element_type=\"section\" data-e-type=\"section\">\n\t\t\t\t\t\t<div class=\"elementor-container elementor-column-gap-default\">\n\t\t\t\t\t<div class=\"elementor-column elementor-col-100 elementor-inner-column elementor-element elementor-element-b8b060c\" data-id=\"b8b060c\" data-element_type=\"column\" data-e-type=\"column\">\n\t\t\t<div class=\"elementor-widget-wrap elementor-element-populated\">\n\t\t\t\t\t\t<div class=\"elementor-element elementor-element-e824005 elementor-widget elementor-widget-heading\" data-id=\"e824005\" data-element_type=\"widget\" data-e-type=\"widget\" data-widget_type=\"heading.default\">\n\t\t\t\t<div class=\"elementor-widget-container\">\n\t\t\t\t\t<h2 class=\"elementor-heading-title elementor-size-default\">Volem tenir un impacte en les comunitats.\n\n<\/h2>\t\t\t\t<\/div>\n\t\t\t\t<\/div>\n\t\t\t\t<div class=\"elementor-element elementor-element-24c28ce elementor-widget elementor-widget-text-editor\" data-id=\"24c28ce\" data-element_type=\"widget\" data-e-type=\"widget\" data-widget_type=\"text-editor.default\">\n\t\t\t\t<div class=\"elementor-widget-container\">\n\t\t\t\t\t\t\t\t\tA EnjoyApartments, creiem que el turisme responsable \u00e9s essencial, per aix\u00f2 el nostre objectiu \u00e9s crear un impacte positiu en la societat, les comunitats i la ciutat a trav\u00e9s d&#8217;un viatge responsable. Hem optat per retornar a la societat de manera que els nostres hostes se sentin part de la soluci\u00f3 i tamb\u00e9 impliquem els propietaris\/administradors dels apartaments. Les petites donacions poden ajudar. Les petites donacions s\u00f3n les que comencen a marcar la difer\u00e8ncia. Qu\u00e8 fem? Implicant els propietaris i administradors d&#8217;immobles, donem l&#8217;1% de totes les taxes de reserva a organitzacions ben\u00e8fiques locals. Donem 1 per registre a mares i nens en risc d&#8217;exclusi\u00f3 social. Plantem un arbre als boscos de tot el m\u00f3n per ajudar a la reforestaci\u00f3 a les zones m\u00e9s necessitades. A continuaci\u00f3 podeu veure on i com ajudem: (A continuaci\u00f3, trobareu algunes de les organitzacions ben\u00e8fiques a les quals distribu\u00efm l&#8217;1% de les comissions)\n\t\t\t\t\t\t\t\t<\/div>\n\t\t\t\t<\/div>\n\t\t\t\t\t<\/div>\n\t\t<\/div>\n\t\t\t\t\t<\/div>\n\t\t<\/section>\n\t\t\t\t<section class=\"elementor-section elementor-inner-section elementor-element elementor-element-6897588 elementor-section-boxed elementor-section-height-default elementor-section-height-default\" data-id=\"6897588\" data-element_type=\"section\" data-e-type=\"section\">\n\t\t\t\t\t\t<div class=\"elementor-container elementor-column-gap-default\">\n\t\t\t\t\t<div class=\"elementor-column elementor-col-100 elementor-inner-column elementor-element elementor-element-6c090b0\" data-id=\"6c090b0\" data-element_type=\"column\" data-e-type=\"column\">\n\t\t\t<div class=\"elementor-widget-wrap elementor-element-populated\">\n\t\t\t\t\t\t<div class=\"elementor-element elementor-element-7ab7249 elementor-widget elementor-widget-gallery\" data-id=\"7ab7249\" data-element_type=\"widget\" data-e-type=\"widget\" data-settings=\"{&quot;columns&quot;:3,&quot;gap&quot;:{&quot;unit&quot;:&quot;px&quot;,&quot;size&quot;:20,&quot;sizes&quot;:[]},&quot;lazyload&quot;:&quot;yes&quot;,&quot;gallery_layout&quot;:&quot;grid&quot;,&quot;columns_tablet&quot;:2,&quot;columns_mobile&quot;:1,&quot;gap_tablet&quot;:{&quot;unit&quot;:&quot;px&quot;,&quot;size&quot;:10,&quot;sizes&quot;:[]},&quot;gap_mobile&quot;:{&quot;unit&quot;:&quot;px&quot;,&quot;size&quot;:10,&quot;sizes&quot;:[]},&quot;link_to&quot;:&quot;file&quot;,&quot;aspect_ratio&quot;:&quot;3:2&quot;,&quot;overlay_background&quot;:&quot;yes&quot;,&quot;content_hover_animation&quot;:&quot;fade-in&quot;}\" data-widget_type=\"gallery.default\">\n\t\t\t\t<div class=\"elementor-widget-container\">\n\t\t\t\t\t\t\t<div class=\"elementor-gallery__container\">\n\t\t\t\t\t\t\t<a class=\"e-gallery-item elementor-gallery-item elementor-animated-content\" href=\"https:\/\/enjoyapartments.com\/wp-content\/uploads\/2024\/05\/casal-infants-enjoy-1-199x300-1.png\" data-elementor-open-lightbox=\"yes\" data-elementor-lightbox-slideshow=\"7ab7249\" data-elementor-lightbox-title=\"casal-infants-enjoy-1-199x300 (1)\" data-e-action-hash=\"#elementor-action%3Aaction%3Dlightbox%26settings%3DeyJpZCI6NTYwLCJ1cmwiOiJodHRwczpcL1wvZW5qb3lhcGFydG1lbnRzLmNvbVwvd3AtY29udGVudFwvdXBsb2Fkc1wvMjAyNFwvMDVcL2Nhc2FsLWluZmFudHMtZW5qb3ktMS0xOTl4MzAwLTEucG5nIiwic2xpZGVzaG93IjoiN2FiNzI0OSJ9\">\n\t\t\t\t\t<div class=\"e-gallery-image elementor-gallery-item__image\" data-thumbnail=\"https:\/\/enjoyapartments.com\/wp-content\/uploads\/2024\/05\/casal-infants-enjoy-1-199x300-1.png\" data-width=\"199\" data-height=\"300\" aria-label=\"\" role=\"img\" ><\/div>\n\t\t\t\t\t\t\t\t\t\t\t<div class=\"elementor-gallery-item__overlay\"><\/div>\n\t\t\t\t\t\t\t\t\t\t\t\t\t\t<\/a>\n\t\t\t\t\t\t\t<a class=\"e-gallery-item elementor-gallery-item elementor-animated-content\" href=\"https:\/\/enjoyapartments.com\/wp-content\/uploads\/2024\/05\/fundacion-debra-enjoy1-300x191-1.png\" data-elementor-open-lightbox=\"yes\" data-elementor-lightbox-slideshow=\"7ab7249\" data-elementor-lightbox-title=\"fundacion-debra-enjoy1-300x191\" data-e-action-hash=\"#elementor-action%3Aaction%3Dlightbox%26settings%3DeyJpZCI6NTUzLCJ1cmwiOiJodHRwczpcL1wvZW5qb3lhcGFydG1lbnRzLmNvbVwvd3AtY29udGVudFwvdXBsb2Fkc1wvMjAyNFwvMDVcL2Z1bmRhY2lvbi1kZWJyYS1lbmpveTEtMzAweDE5MS0xLnBuZyIsInNsaWRlc2hvdyI6IjdhYjcyNDkifQ%3D%3D\">\n\t\t\t\t\t<div class=\"e-gallery-image elementor-gallery-item__image\" data-thumbnail=\"https:\/\/enjoyapartments.com\/wp-content\/uploads\/2024\/05\/fundacion-debra-enjoy1-300x191-1.png\" data-width=\"300\" data-height=\"191\" aria-label=\"\" role=\"img\" ><\/div>\n\t\t\t\t\t\t\t\t\t\t\t<div class=\"elementor-gallery-item__overlay\"><\/div>\n\t\t\t\t\t\t\t\t\t\t\t\t\t\t<\/a>\n\t\t\t\t\t\t\t<a class=\"e-gallery-item elementor-gallery-item elementor-animated-content\" href=\"https:\/\/enjoyapartments.com\/wp-content\/uploads\/2024\/05\/santjoan-deu-enjoy1-199x300-1.png\" data-elementor-open-lightbox=\"yes\" data-elementor-lightbox-slideshow=\"7ab7249\" data-elementor-lightbox-title=\"santjoan-deu-enjoy1-199x300\" data-e-action-hash=\"#elementor-action%3Aaction%3Dlightbox%26settings%3DeyJpZCI6NTUxLCJ1cmwiOiJodHRwczpcL1wvZW5qb3lhcGFydG1lbnRzLmNvbVwvd3AtY29udGVudFwvdXBsb2Fkc1wvMjAyNFwvMDVcL3NhbnRqb2FuLWRldS1lbmpveTEtMTk5eDMwMC0xLnBuZyIsInNsaWRlc2hvdyI6IjdhYjcyNDkifQ%3D%3D\">\n\t\t\t\t\t<div class=\"e-gallery-image elementor-gallery-item__image\" data-thumbnail=\"https:\/\/enjoyapartments.com\/wp-content\/uploads\/2024\/05\/santjoan-deu-enjoy1-199x300-1.png\" data-width=\"199\" data-height=\"300\" aria-label=\"\" role=\"img\" ><\/div>\n\t\t\t\t\t\t\t\t\t\t\t<div class=\"elementor-gallery-item__overlay\"><\/div>\n\t\t\t\t\t\t\t\t\t\t\t\t\t\t<\/a>\n\t\t\t\t\t\t\t<a class=\"e-gallery-item elementor-gallery-item elementor-animated-content\" href=\"https:\/\/enjoyapartments.com\/wp-content\/uploads\/2024\/05\/sheltersuit-3-199x300-1.png\" data-elementor-open-lightbox=\"yes\" data-elementor-lightbox-slideshow=\"7ab7249\" data-elementor-lightbox-title=\"sheltersuit-3-199x300\" data-e-action-hash=\"#elementor-action%3Aaction%3Dlightbox%26settings%3DeyJpZCI6NTUwLCJ1cmwiOiJodHRwczpcL1wvZW5qb3lhcGFydG1lbnRzLmNvbVwvd3AtY29udGVudFwvdXBsb2Fkc1wvMjAyNFwvMDVcL3NoZWx0ZXJzdWl0LTMtMTk5eDMwMC0xLnBuZyIsInNsaWRlc2hvdyI6IjdhYjcyNDkifQ%3D%3D\">\n\t\t\t\t\t<div class=\"e-gallery-image elementor-gallery-item__image\" data-thumbnail=\"https:\/\/enjoyapartments.com\/wp-content\/uploads\/2024\/05\/sheltersuit-3-199x300-1.png\" data-width=\"199\" data-height=\"300\" aria-label=\"\" role=\"img\" ><\/div>\n\t\t\t\t\t\t\t\t\t\t\t<div class=\"elementor-gallery-item__overlay\"><\/div>\n\t\t\t\t\t\t\t\t\t\t\t\t\t\t<\/a>\n\t\t\t\t\t\t\t<a class=\"e-gallery-item elementor-gallery-item elementor-animated-content\" href=\"https:\/\/enjoyapartments.com\/wp-content\/uploads\/2024\/05\/apartment-master-historical-gem-in-chiado5-300x200-1.jpeg\" data-elementor-open-lightbox=\"yes\" data-elementor-lightbox-slideshow=\"7ab7249\" data-elementor-lightbox-title=\"apartment-master-historical-gem-in-chiado5-300x200 (1)\" data-e-action-hash=\"#elementor-action%3Aaction%3Dlightbox%26settings%3DeyJpZCI6NTQ2LCJ1cmwiOiJodHRwczpcL1wvZW5qb3lhcGFydG1lbnRzLmNvbVwvd3AtY29udGVudFwvdXBsb2Fkc1wvMjAyNFwvMDVcL2FwYXJ0bWVudC1tYXN0ZXItaGlzdG9yaWNhbC1nZW0taW4tY2hpYWRvNS0zMDB4MjAwLTEuanBlZyIsInNsaWRlc2hvdyI6IjdhYjcyNDkifQ%3D%3D\">\n\t\t\t\t\t<div class=\"e-gallery-image elementor-gallery-item__image\" data-thumbnail=\"https:\/\/enjoyapartments.com\/wp-content\/uploads\/2024\/05\/apartment-master-historical-gem-in-chiado5-300x200-1.jpeg\" data-width=\"300\" data-height=\"200\" aria-label=\"\" role=\"img\" ><\/div>\n\t\t\t\t\t\t\t\t\t\t\t<div class=\"elementor-gallery-item__overlay\"><\/div>\n\t\t\t\t\t\t\t\t\t\t\t\t\t\t<\/a>\n\t\t\t\t\t\t\t<a class=\"e-gallery-item elementor-gallery-item elementor-animated-content\" href=\"https:\/\/enjoyapartments.com\/wp-content\/uploads\/2024\/05\/apartment-master-deco-gem-luxury-in-bica35-200x300-1.jpeg\" data-elementor-open-lightbox=\"yes\" data-elementor-lightbox-slideshow=\"7ab7249\" data-elementor-lightbox-title=\"apartment-master-deco-gem-luxury-in-bica35-200x300\" data-e-action-hash=\"#elementor-action%3Aaction%3Dlightbox%26settings%3DeyJpZCI6NTQ4LCJ1cmwiOiJodHRwczpcL1wvZW5qb3lhcGFydG1lbnRzLmNvbVwvd3AtY29udGVudFwvdXBsb2Fkc1wvMjAyNFwvMDVcL2FwYXJ0bWVudC1tYXN0ZXItZGVjby1nZW0tbHV4dXJ5LWluLWJpY2EzNS0yMDB4MzAwLTEuanBlZyIsInNsaWRlc2hvdyI6IjdhYjcyNDkifQ%3D%3D\">\n\t\t\t\t\t<div class=\"e-gallery-image elementor-gallery-item__image\" data-thumbnail=\"https:\/\/enjoyapartments.com\/wp-content\/uploads\/2024\/05\/apartment-master-deco-gem-luxury-in-bica35-200x300-1.jpeg\" data-width=\"200\" data-height=\"300\" aria-label=\"\" role=\"img\" ><\/div>\n\t\t\t\t\t\t\t\t\t\t\t<div class=\"elementor-gallery-item__overlay\"><\/div>\n\t\t\t\t\t\t\t\t\t\t\t\t\t\t<\/a>\n\t\t\t\t\t\t\t<a class=\"e-gallery-item elementor-gallery-item elementor-animated-content\" href=\"https:\/\/enjoyapartments.com\/wp-content\/uploads\/2024\/05\/apartment-bernini-campofiori-rome-2-1-300x225-1.jpg\" data-elementor-open-lightbox=\"yes\" data-elementor-lightbox-slideshow=\"7ab7249\" data-elementor-lightbox-title=\"apartment-bernini-campofiori-rome-2-1-300x225\" data-e-action-hash=\"#elementor-action%3Aaction%3Dlightbox%26settings%3DeyJpZCI6NTQ5LCJ1cmwiOiJodHRwczpcL1wvZW5qb3lhcGFydG1lbnRzLmNvbVwvd3AtY29udGVudFwvdXBsb2Fkc1wvMjAyNFwvMDVcL2FwYXJ0bWVudC1iZXJuaW5pLWNhbXBvZmlvcmktcm9tZS0yLTEtMzAweDIyNS0xLmpwZyIsInNsaWRlc2hvdyI6IjdhYjcyNDkifQ%3D%3D\">\n\t\t\t\t\t<div class=\"e-gallery-image elementor-gallery-item__image\" data-thumbnail=\"https:\/\/enjoyapartments.com\/wp-content\/uploads\/2024\/05\/apartment-bernini-campofiori-rome-2-1-300x225-1.jpg\" data-width=\"300\" data-height=\"225\" aria-label=\"\" role=\"img\" ><\/div>\n\t\t\t\t\t\t\t\t\t\t\t<div class=\"elementor-gallery-item__overlay\"><\/div>\n\t\t\t\t\t\t\t\t\t\t\t\t\t\t<\/a>\n\t\t\t\t\t\t\t<a class=\"e-gallery-item elementor-gallery-item elementor-animated-content\" href=\"https:\/\/enjoyapartments.com\/wp-content\/uploads\/2024\/05\/apartment-barcelona-passatge-maiol-14-18-300x200-1.jpeg\" data-elementor-open-lightbox=\"yes\" data-elementor-lightbox-slideshow=\"7ab7249\" data-elementor-lightbox-title=\"apartment-barcelona-passatge-maiol-14-18-300x200\" data-e-action-hash=\"#elementor-action%3Aaction%3Dlightbox%26settings%3DeyJpZCI6NTUyLCJ1cmwiOiJodHRwczpcL1wvZW5qb3lhcGFydG1lbnRzLmNvbVwvd3AtY29udGVudFwvdXBsb2Fkc1wvMjAyNFwvMDVcL2FwYXJ0bWVudC1iYXJjZWxvbmEtcGFzc2F0Z2UtbWFpb2wtMTQtMTgtMzAweDIwMC0xLmpwZWciLCJzbGlkZXNob3ciOiI3YWI3MjQ5In0%3D\">\n\t\t\t\t\t<div class=\"e-gallery-image elementor-gallery-item__image\" data-thumbnail=\"https:\/\/enjoyapartments.com\/wp-content\/uploads\/2024\/05\/apartment-barcelona-passatge-maiol-14-18-300x200-1.jpeg\" data-width=\"300\" data-height=\"200\" aria-label=\"\" role=\"img\" ><\/div>\n\t\t\t\t\t\t\t\t\t\t\t<div class=\"elementor-gallery-item__overlay\"><\/div>\n\t\t\t\t\t\t\t\t\t\t\t\t\t\t<\/a>\n\t\t\t\t\t\t\t<a class=\"e-gallery-item elementor-gallery-item elementor-animated-content\" href=\"https:\/\/enjoyapartments.com\/wp-content\/uploads\/2024\/05\/apartment-carola-ibiza-4-1-300x225-1.jpg\" data-elementor-open-lightbox=\"yes\" data-elementor-lightbox-slideshow=\"7ab7249\" data-elementor-lightbox-title=\"apartment-carola-ibiza-4-1-300x225\" data-e-action-hash=\"#elementor-action%3Aaction%3Dlightbox%26settings%3DeyJpZCI6NTQ1LCJ1cmwiOiJodHRwczpcL1wvZW5qb3lhcGFydG1lbnRzLmNvbVwvd3AtY29udGVudFwvdXBsb2Fkc1wvMjAyNFwvMDVcL2FwYXJ0bWVudC1jYXJvbGEtaWJpemEtNC0xLTMwMHgyMjUtMS5qcGciLCJzbGlkZXNob3ciOiI3YWI3MjQ5In0%3D\">\n\t\t\t\t\t<div class=\"e-gallery-image elementor-gallery-item__image\" data-thumbnail=\"https:\/\/enjoyapartments.com\/wp-content\/uploads\/2024\/05\/apartment-carola-ibiza-4-1-300x225-1.jpg\" data-width=\"300\" data-height=\"225\" aria-label=\"\" role=\"img\" ><\/div>\n\t\t\t\t\t\t\t\t\t\t\t<div class=\"elementor-gallery-item__overlay\"><\/div>\n\t\t\t\t\t\t\t\t\t\t\t\t\t\t<\/a>\n\t\t\t\t\t<\/div>\n\t\t\t\t\t<\/div>\n\t\t\t\t<\/div>\n\t\t\t\t\t<\/div>\n\t\t<\/div>\n\t\t\t\t\t<\/div>\n\t\t<\/section>\n\t\t\t\t<section class=\"elementor-section elementor-inner-section elementor-element elementor-element-1081edb elementor-section-boxed elementor-section-height-default elementor-section-height-default\" data-id=\"1081edb\" data-element_type=\"section\" data-e-type=\"section\">\n\t\t\t\t\t\t<div class=\"elementor-container elementor-column-gap-default\">\n\t\t\t\t\t<div class=\"elementor-column elementor-col-100 elementor-inner-column elementor-element elementor-element-5441d8c\" data-id=\"5441d8c\" data-element_type=\"column\" data-e-type=\"column\">\n\t\t\t<div class=\"elementor-widget-wrap elementor-element-populated\">\n\t\t\t\t\t\t<div class=\"elementor-element elementor-element-921e4ba elementor-widget elementor-widget-heading\" data-id=\"921e4ba\" data-element_type=\"widget\" data-e-type=\"widget\" data-widget_type=\"heading.default\">\n\t\t\t\t<div class=\"elementor-widget-container\">\n\t\t\t\t\t<h2 class=\"elementor-heading-title elementor-size-default\">organitzacions ben\u00e8fiques passades i actuals\n\n\n<\/h2>\t\t\t\t<\/div>\n\t\t\t\t<\/div>\n\t\t\t\t<div class=\"elementor-element elementor-element-1de75fb elementor-widget elementor-widget-text-editor\" data-id=\"1de75fb\" data-element_type=\"widget\" data-e-type=\"widget\" data-widget_type=\"text-editor.default\">\n\t\t\t\t<div class=\"elementor-widget-container\">\n\t\t\t\t\t\t\t\t\t<div class=\"elementor-element elementor-element-000cfe2 elementor-widget elementor-widget-text-editor\" data-id=\"000cfe2\" data-element_type=\"widget\" data-widget_type=\"text-editor.default\"><div class=\"elementor-widget-container\"><p data-sider-select-id=\"2e8f8cab-2356-4078-ba3b-522f5a9a0580\">Durant tot l \u201cany, EnjoyApartments participa activament en accions ben\u00e8fiques. Forma part de la nostra identitat, va amb el nostre ADN. EnjoyApartments dona l\u201d 1% dels seus guanys a accions ben\u00e8fiques. Aqu\u00ed teniu algunes iniciatives amb les quals col\u00b7laborem.   <\/p><\/div><\/div><div class=\"elementor-element elementor-element-f653282 elementor-widget elementor-widget-text-editor\" data-id=\"f653282\" data-element_type=\"widget\" data-widget_type=\"text-editor.default\"><div class=\"elementor-widget-container\"><ul><li>Sant Joan de D\u00e9u, Hospital Infantil<\/li><li>Debra (pell de papallona)<\/li><li>Vestit de refugi<\/li><li>Casal dels Infants<\/li><li>Ajuda infantil hongaresa per a campaments d&#8217;estiu<\/li><li>Hospital de la Vall d&#8217;Hebron<\/li><\/ul><\/div><\/div>\t\t\t\t\t\t\t\t<\/div>\n\t\t\t\t<\/div>\n\t\t\t\t\t<\/div>\n\t\t<\/div>\n\t\t\t\t\t<\/div>\n\t\t<\/section>\n\t\t\t\t\t<\/div>\n\t\t<\/div>\n\t\t\t\t\t<\/div>\n\t\t<\/section>\n\t\t\t\t<\/div>\n\t\t","protected":false},"excerpt":{"rendered":"<p>Responsabilitat social i donacions corporatives Perqu\u00e8 \u00e9s important cuidar-se Volem tenir un impacte en les comunitats. A EnjoyApartments, creiem que el turisme responsable \u00e9s essencial, per aix\u00f2 el nostre objectiu \u00e9s crear un impacte positiu en la societat, les comunitats i la ciutat a trav\u00e9s d&#8217;un viatge responsable. Hem optat per retornar a la societat [&hellip;]<\/p>\n","protected":false},"author":1,"featured_media":0,"parent":0,"menu_order":0,"comment_status":"closed","ping_status":"closed","template":"elementor_header_footer","meta":{"footnotes":""},"class_list":["post-2056","page","type-page","status-publish","hentry"],"_links":{"self":[{"href":"https:\/\/enjoyapartments.com\/ca\/wp-json\/wp\/v2\/pages\/2056","targetHints":{"allow":["GET"]}}],"collection":[{"href":"https:\/\/enjoyapartments.com\/ca\/wp-json\/wp\/v2\/pages"}],"about":[{"href":"https:\/\/enjoyapartments.com\/ca\/wp-json\/wp\/v2\/types\/page"}],"author":[{"embeddable":true,"href":"https:\/\/enjoyapartments.com\/ca\/wp-json\/wp\/v2\/users\/1"}],"replies":[{"embeddable":true,"href":"https:\/\/enjoyapartments.com\/ca\/wp-json\/wp\/v2\/comments?post=2056"}],"version-history":[{"count":1,"href":"https:\/\/enjoyapartments.com\/ca\/wp-json\/wp\/v2\/pages\/2056\/revisions"}],"predecessor-version":[{"id":2057,"href":"https:\/\/enjoyapartments.com\/ca\/wp-json\/wp\/v2\/pages\/2056\/revisions\/2057"}],"wp:attachment":[{"href":"https:\/\/enjoyapartments.com\/ca\/wp-json\/wp\/v2\/media?parent=2056"}],"curies":[{"name":"wp","href":"https:\/\/api.w.org\/{rel}","templated":true}]}}