{"id":2064,"date":"2024-05-03T08:27:38","date_gmt":"2024-05-03T08:27:38","guid":{"rendered":"https:\/\/enjoyapartments.com\/turismo-sostenible\/"},"modified":"2025-05-22T20:42:16","modified_gmt":"2025-05-22T20:42:16","slug":"turismo-sostenible","status":"publish","type":"page","link":"https:\/\/enjoyapartments.com\/es\/turismo-sostenible\/","title":{"rendered":"Turismo sostenible"},"content":{"rendered":"\t\t<div data-elementor-type=\"wp-page\" data-elementor-id=\"2064\" class=\"elementor elementor-2064 elementor-510\" data-elementor-post-type=\"page\">\n\t\t\t\t\t\t<section class=\"elementor-section elementor-top-section elementor-element elementor-element-0905dff elementor-section-height-min-height elementor-section-boxed elementor-section-height-default elementor-section-items-middle\" data-id=\"0905dff\" data-element_type=\"section\" data-e-type=\"section\" data-settings=\"{&quot;background_background&quot;:&quot;classic&quot;}\">\n\t\t\t\t\t\t\t<div class=\"elementor-background-overlay\"><\/div>\n\t\t\t\t\t\t\t<div class=\"elementor-container elementor-column-gap-default\">\n\t\t\t\t\t<div class=\"elementor-column elementor-col-100 elementor-top-column elementor-element elementor-element-bc5a711\" data-id=\"bc5a711\" data-element_type=\"column\" data-e-type=\"column\">\n\t\t\t<div class=\"elementor-widget-wrap elementor-element-populated\">\n\t\t\t\t\t\t<div class=\"elementor-element elementor-element-ab129a3 elementor-widget elementor-widget-heading\" data-id=\"ab129a3\" data-element_type=\"widget\" data-e-type=\"widget\" data-widget_type=\"heading.default\">\n\t\t\t\t<div class=\"elementor-widget-container\">\n\t\t\t\t\t<h2 class=\"elementor-heading-title elementor-size-default\">Turismo sostenible\n<\/h2>\t\t\t\t<\/div>\n\t\t\t\t<\/div>\n\t\t\t\t<div class=\"elementor-element elementor-element-2d802a7 elementor-widget elementor-widget-text-editor\" data-id=\"2d802a7\" data-element_type=\"widget\" data-e-type=\"widget\" data-widget_type=\"text-editor.default\">\n\t\t\t\t<div class=\"elementor-widget-container\">\n\t\t\t\t\t\t\t\t\tPr\u00e1cticas medioambientales y sostenibilidad\t\t\t\t\t\t\t\t<\/div>\n\t\t\t\t<\/div>\n\t\t\t\t\t<\/div>\n\t\t<\/div>\n\t\t\t\t\t<\/div>\n\t\t<\/section>\n\t\t\t\t<section class=\"elementor-section elementor-top-section elementor-element elementor-element-fa7a5e5 elementor-section-boxed elementor-section-height-default elementor-section-height-default\" data-id=\"fa7a5e5\" data-element_type=\"section\" data-e-type=\"section\" data-settings=\"{&quot;background_background&quot;:&quot;classic&quot;}\">\n\t\t\t\t\t\t<div class=\"elementor-container elementor-column-gap-default\">\n\t\t\t\t\t<div class=\"elementor-column elementor-col-100 elementor-top-column elementor-element elementor-element-58fcb0a\" data-id=\"58fcb0a\" data-element_type=\"column\" data-e-type=\"column\">\n\t\t\t<div class=\"elementor-widget-wrap elementor-element-populated\">\n\t\t\t\t\t\t<section class=\"elementor-section elementor-inner-section elementor-element elementor-element-8d492a5 elementor-section-boxed elementor-section-height-default elementor-section-height-default\" data-id=\"8d492a5\" data-element_type=\"section\" data-e-type=\"section\">\n\t\t\t\t\t\t<div class=\"elementor-container elementor-column-gap-default\">\n\t\t\t\t\t<div class=\"elementor-column elementor-col-100 elementor-inner-column elementor-element elementor-element-f717704\" data-id=\"f717704\" data-element_type=\"column\" data-e-type=\"column\">\n\t\t\t<div class=\"elementor-widget-wrap elementor-element-populated\">\n\t\t\t\t\t\t<div class=\"elementor-element elementor-element-233bdeb elementor-widget elementor-widget-heading\" data-id=\"233bdeb\" data-element_type=\"widget\" data-e-type=\"widget\" data-widget_type=\"heading.default\">\n\t\t\t\t<div class=\"elementor-widget-container\">\n\t\t\t\t\t<h2 class=\"elementor-heading-title elementor-size-default\">\u00bfQu\u00e9 hacemos en EnjoyApartments?\n\n<\/h2>\t\t\t\t<\/div>\n\t\t\t\t<\/div>\n\t\t\t\t<div class=\"elementor-element elementor-element-9469fc8 elementor-widget elementor-widget-text-editor\" data-id=\"9469fc8\" data-element_type=\"widget\" data-e-type=\"widget\" data-widget_type=\"text-editor.default\">\n\t\t\t\t<div class=\"elementor-widget-container\">\n\t\t\t\t\t\t\t\t\tAplicamos activamente cambios en toda nuestra organizaci\u00f3n para mejorar o reducir nuestro uso de los recursos naturales y ser m\u00e1s conscientes del entorno tanto social como medioambiental. Abarcamos todos los niveles, desde el uso de las oficinas hasta la sostenibilidad de los apartamentos, pasando por las mejores pr\u00e1cticas para nuestro personal, hu\u00e9spedes y proveedores. \n\t\t\t\t\t\t\t\t<\/div>\n\t\t\t\t<\/div>\n\t\t\t\t\t<\/div>\n\t\t<\/div>\n\t\t\t\t\t<\/div>\n\t\t<\/section>\n\t\t\t\t<section class=\"elementor-section elementor-inner-section elementor-element elementor-element-853aa86 elementor-section-boxed elementor-section-height-default elementor-section-height-default\" data-id=\"853aa86\" data-element_type=\"section\" data-e-type=\"section\">\n\t\t\t\t\t\t<div class=\"elementor-container elementor-column-gap-default\">\n\t\t\t\t\t<div class=\"elementor-column elementor-col-100 elementor-inner-column elementor-element elementor-element-efa57bf\" data-id=\"efa57bf\" data-element_type=\"column\" data-e-type=\"column\">\n\t\t\t<div class=\"elementor-widget-wrap elementor-element-populated\">\n\t\t\t\t\t\t<div class=\"elementor-element elementor-element-22dac49 elementor-widget elementor-widget-heading\" data-id=\"22dac49\" data-element_type=\"widget\" data-e-type=\"widget\" data-widget_type=\"heading.default\">\n\t\t\t\t<div class=\"elementor-widget-container\">\n\t\t\t\t\t<h2 class=\"elementor-heading-title elementor-size-default\">Hu\u00e9spedes y apartamentos.\n\n\n<\/h2>\t\t\t\t<\/div>\n\t\t\t\t<\/div>\n\t\t\t\t<div class=\"elementor-element elementor-element-d89ef22 elementor-widget elementor-widget-text-editor\" data-id=\"d89ef22\" data-element_type=\"widget\" data-e-type=\"widget\" data-widget_type=\"text-editor.default\">\n\t\t\t\t<div class=\"elementor-widget-container\">\n\t\t\t\t\t\t\t\t\tProporcionamos a nuestros hu\u00e9spedes una peque\u00f1a (e)gu\u00eda con diferentes opciones sobre c\u00f3mo ser un turista responsable. Las directrices b\u00e1sicas incluyen c\u00f3mo consumir de forma responsable, separar los residuos y moverse de forma respetuosa con el medio ambiente, pero tambi\u00e9n c\u00f3mo comportarse de forma respetuosa con la poblaci\u00f3n local y los vecinos, y c\u00f3mo comprar en las tiendas m\u00e1s peque\u00f1as del barrio, devolviendo as\u00ed algo a los vecinos.   \t\t\t\t\t\t\t\t<\/div>\n\t\t\t\t<\/div>\n\t\t\t\t\t<\/div>\n\t\t<\/div>\n\t\t\t\t\t<\/div>\n\t\t<\/section>\n\t\t\t\t<section class=\"elementor-section elementor-inner-section elementor-element elementor-element-63d030d elementor-section-boxed elementor-section-height-default elementor-section-height-default\" data-id=\"63d030d\" data-element_type=\"section\" data-e-type=\"section\">\n\t\t\t\t\t\t<div class=\"elementor-container elementor-column-gap-default\">\n\t\t\t\t\t<div class=\"elementor-column elementor-col-100 elementor-inner-column elementor-element elementor-element-17ef08b\" data-id=\"17ef08b\" data-element_type=\"column\" data-e-type=\"column\">\n\t\t\t<div class=\"elementor-widget-wrap elementor-element-populated\">\n\t\t\t\t\t\t<div class=\"elementor-element elementor-element-922359c elementor-widget elementor-widget-heading\" data-id=\"922359c\" data-element_type=\"widget\" data-e-type=\"widget\" data-widget_type=\"heading.default\">\n\t\t\t\t<div class=\"elementor-widget-container\">\n\t\t\t\t\t<h2 class=\"elementor-heading-title elementor-size-default\">Personal y Oficina.\n\n\n<\/h2>\t\t\t\t<\/div>\n\t\t\t\t<\/div>\n\t\t\t\t<div class=\"elementor-element elementor-element-85366e9 elementor-widget elementor-widget-text-editor\" data-id=\"85366e9\" data-element_type=\"widget\" data-e-type=\"widget\" data-widget_type=\"text-editor.default\">\n\t\t\t\t<div class=\"elementor-widget-container\">\n\t\t\t\t\t\t\t\t\tEn la oficina tambi\u00e9n separamos la basura, intentamos reducir el consumo de energ\u00eda e imprimimos s\u00f3lo cuando es necesario.  \t\t\t\t\t\t\t\t<\/div>\n\t\t\t\t<\/div>\n\t\t\t\t\t<\/div>\n\t\t<\/div>\n\t\t\t\t\t<\/div>\n\t\t<\/section>\n\t\t\t\t<section class=\"elementor-section elementor-inner-section elementor-element elementor-element-59efc9c elementor-section-boxed elementor-section-height-default elementor-section-height-default\" data-id=\"59efc9c\" data-element_type=\"section\" data-e-type=\"section\">\n\t\t\t\t\t\t<div class=\"elementor-container elementor-column-gap-default\">\n\t\t\t\t\t<div class=\"elementor-column elementor-col-100 elementor-inner-column elementor-element elementor-element-25f25c4\" data-id=\"25f25c4\" data-element_type=\"column\" data-e-type=\"column\">\n\t\t\t<div class=\"elementor-widget-wrap elementor-element-populated\">\n\t\t\t\t\t\t<div class=\"elementor-element elementor-element-939671d elementor-widget elementor-widget-heading\" data-id=\"939671d\" data-element_type=\"widget\" data-e-type=\"widget\" data-widget_type=\"heading.default\">\n\t\t\t\t<div class=\"elementor-widget-container\">\n\t\t\t\t\t<h2 class=\"elementor-heading-title elementor-size-default\">Proveedores y socios.\n\n\n\n<\/h2>\t\t\t\t<\/div>\n\t\t\t\t<\/div>\n\t\t\t\t<div class=\"elementor-element elementor-element-4fcf3bf elementor-widget elementor-widget-text-editor\" data-id=\"4fcf3bf\" data-element_type=\"widget\" data-e-type=\"widget\" data-widget_type=\"text-editor.default\">\n\t\t\t\t<div class=\"elementor-widget-container\">\n\t\t\t\t\t\t\t\t\tSiempre que podemos, trabajamos con proveedores y socios locales y sostenibles. Creemos que esos peque\u00f1os pasos nos acercar\u00e1n a ser una empresa responsable y quiz\u00e1 un ejemplo para los dem\u00e1s. \n\n\t\t\t\t\t\t\t\t<\/div>\n\t\t\t\t<\/div>\n\t\t\t\t\t<\/div>\n\t\t<\/div>\n\t\t\t\t\t<\/div>\n\t\t<\/section>\n\t\t\t\t<section class=\"elementor-section elementor-inner-section elementor-element elementor-element-203bb7b elementor-section-boxed elementor-section-height-default elementor-section-height-default\" data-id=\"203bb7b\" data-element_type=\"section\" data-e-type=\"section\">\n\t\t\t\t\t\t<div class=\"elementor-container elementor-column-gap-default\">\n\t\t\t\t\t<div class=\"elementor-column elementor-col-50 elementor-inner-column elementor-element elementor-element-21ece9b\" data-id=\"21ece9b\" data-element_type=\"column\" data-e-type=\"column\">\n\t\t\t<div class=\"elementor-widget-wrap elementor-element-populated\">\n\t\t\t\t\t\t<div class=\"elementor-element elementor-element-8a5a310 elementor-widget elementor-widget-heading\" data-id=\"8a5a310\" data-element_type=\"widget\" data-e-type=\"widget\" data-widget_type=\"heading.default\">\n\t\t\t\t<div class=\"elementor-widget-container\">\n\t\t\t\t\t<h2 class=\"elementor-heading-title elementor-size-default\">Compromiso Biosfera y Barcelona + Sostenible.\n\n\n\n<\/h2>\t\t\t\t<\/div>\n\t\t\t\t<\/div>\n\t\t\t\t<div class=\"elementor-element elementor-element-c99c402 elementor-widget elementor-widget-text-editor\" data-id=\"c99c402\" data-element_type=\"widget\" data-e-type=\"widget\" data-widget_type=\"text-editor.default\">\n\t\t\t\t<div class=\"elementor-widget-container\">\n\t\t\t\t\t\t\t\t\tEstamos comprometidos con la Biosfera y participamos activamente en su mejora.\n\n\t\t\t\t\t\t\t\t<\/div>\n\t\t\t\t<\/div>\n\t\t\t\t<div class=\"elementor-element elementor-element-9dca634 elementor-widget elementor-widget-heading\" data-id=\"9dca634\" data-element_type=\"widget\" data-e-type=\"widget\" data-widget_type=\"heading.default\">\n\t\t\t\t<div class=\"elementor-widget-container\">\n\t\t\t\t\t<h2 class=\"elementor-heading-title elementor-size-default\">Iniciativas propias.\n\n\n\n<\/h2>\t\t\t\t<\/div>\n\t\t\t\t<\/div>\n\t\t\t\t<div class=\"elementor-element elementor-element-b4452e8 elementor-widget elementor-widget-text-editor\" data-id=\"b4452e8\" data-element_type=\"widget\" data-e-type=\"widget\" data-widget_type=\"text-editor.default\">\n\t\t\t\t<div class=\"elementor-widget-container\">\n\t\t\t\t\t\t\t\t\tEn EnjoyApartments hemos creado el Proyecto Verde \u2663. Eso implica que plantamos un \u00e1rbol por cada rese\u00f1a que recibimos. \u00a1Tenemos sue\u00f1os de bosque!    \n\nHag\u00e1moslo juntos.\t\t\t\t\t\t\t\t<\/div>\n\t\t\t\t<\/div>\n\t\t\t\t\t<\/div>\n\t\t<\/div>\n\t\t\t\t<div class=\"elementor-column elementor-col-50 elementor-inner-column elementor-element elementor-element-ec243e2\" data-id=\"ec243e2\" data-element_type=\"column\" data-e-type=\"column\">\n\t\t\t<div class=\"elementor-widget-wrap elementor-element-populated\">\n\t\t\t\t\t\t<div class=\"elementor-element elementor-element-7cdafc3 elementor-widget elementor-widget-image\" data-id=\"7cdafc3\" data-element_type=\"widget\" data-e-type=\"widget\" data-widget_type=\"image.default\">\n\t\t\t\t<div class=\"elementor-widget-container\">\n\t\t\t\t\t\t\t\t\t\t\t\t\t\t\t<img fetchpriority=\"high\" decoding=\"async\" width=\"800\" height=\"858\" src=\"https:\/\/enjoyapartments.com\/wp-content\/uploads\/2024\/05\/logo-biosphere-955x1024.png\" class=\"attachment-large size-large wp-image-1399\" alt=\"\" srcset=\"https:\/\/enjoyapartments.com\/wp-content\/uploads\/2024\/05\/logo-biosphere-955x1024.png 955w, https:\/\/enjoyapartments.com\/wp-content\/uploads\/2024\/05\/logo-biosphere-280x300.png 280w, https:\/\/enjoyapartments.com\/wp-content\/uploads\/2024\/05\/logo-biosphere-768x823.png 768w, https:\/\/enjoyapartments.com\/wp-content\/uploads\/2024\/05\/logo-biosphere-1433x1536.png 1433w, https:\/\/enjoyapartments.com\/wp-content\/uploads\/2024\/05\/logo-biosphere.png 1543w\" sizes=\"(max-width: 800px) 100vw, 800px\" \/>\t\t\t\t\t\t\t\t\t\t\t\t\t\t\t<\/div>\n\t\t\t\t<\/div>\n\t\t\t\t<div class=\"elementor-element elementor-element-e8190ac elementor-widget elementor-widget-image\" data-id=\"e8190ac\" data-element_type=\"widget\" data-e-type=\"widget\" data-widget_type=\"image.default\">\n\t\t\t\t<div class=\"elementor-widget-container\">\n\t\t\t\t\t\t\t\t\t\t\t\t\t\t\t<img decoding=\"async\" width=\"360\" height=\"370\" src=\"https:\/\/enjoyapartments.com\/wp-content\/uploads\/2024\/05\/BCNsostenible.png\" class=\"attachment-large size-large wp-image-1405\" alt=\"\" srcset=\"https:\/\/enjoyapartments.com\/wp-content\/uploads\/2024\/05\/BCNsostenible.png 360w, https:\/\/enjoyapartments.com\/wp-content\/uploads\/2024\/05\/BCNsostenible-292x300.png 292w\" sizes=\"(max-width: 360px) 100vw, 360px\" \/>\t\t\t\t\t\t\t\t\t\t\t\t\t\t\t<\/div>\n\t\t\t\t<\/div>\n\t\t\t\t\t<\/div>\n\t\t<\/div>\n\t\t\t\t\t<\/div>\n\t\t<\/section>\n\t\t\t\t<section class=\"elementor-section elementor-inner-section elementor-element elementor-element-3bdf2ad elementor-section-boxed elementor-section-height-default elementor-section-height-default\" data-id=\"3bdf2ad\" data-element_type=\"section\" data-e-type=\"section\">\n\t\t\t\t\t\t<div class=\"elementor-container elementor-column-gap-default\">\n\t\t\t\t\t<div class=\"elementor-column elementor-col-50 elementor-inner-column elementor-element elementor-element-4ad858f\" data-id=\"4ad858f\" data-element_type=\"column\" data-e-type=\"column\">\n\t\t\t<div class=\"elementor-widget-wrap elementor-element-populated\">\n\t\t\t\t\t\t<div class=\"elementor-element elementor-element-847177e elementor-widget elementor-widget-image\" data-id=\"847177e\" data-element_type=\"widget\" data-e-type=\"widget\" data-widget_type=\"image.default\">\n\t\t\t\t<div class=\"elementor-widget-container\">\n\t\t\t\t\t\t\t\t\t\t\t\t\t\t\t<img decoding=\"async\" width=\"800\" height=\"533\" src=\"https:\/\/enjoyapartments.com\/wp-content\/uploads\/2024\/05\/apartment-barcelona-mercat-st-antoni-4-1-1024x682-1.jpeg\" class=\"attachment-large size-large wp-image-1411\" alt=\"\" srcset=\"https:\/\/enjoyapartments.com\/wp-content\/uploads\/2024\/05\/apartment-barcelona-mercat-st-antoni-4-1-1024x682-1.jpeg 1024w, https:\/\/enjoyapartments.com\/wp-content\/uploads\/2024\/05\/apartment-barcelona-mercat-st-antoni-4-1-1024x682-1-300x200.jpeg 300w, https:\/\/enjoyapartments.com\/wp-content\/uploads\/2024\/05\/apartment-barcelona-mercat-st-antoni-4-1-1024x682-1-768x512.jpeg 768w\" sizes=\"(max-width: 800px) 100vw, 800px\" \/>\t\t\t\t\t\t\t\t\t\t\t\t\t\t\t<\/div>\n\t\t\t\t<\/div>\n\t\t\t\t\t<\/div>\n\t\t<\/div>\n\t\t\t\t<div class=\"elementor-column elementor-col-50 elementor-inner-column elementor-element elementor-element-ba05cee\" data-id=\"ba05cee\" data-element_type=\"column\" data-e-type=\"column\">\n\t\t\t<div class=\"elementor-widget-wrap elementor-element-populated\">\n\t\t\t\t\t\t<div class=\"elementor-element elementor-element-de92a1c elementor-widget elementor-widget-image\" data-id=\"de92a1c\" data-element_type=\"widget\" data-e-type=\"widget\" data-widget_type=\"image.default\">\n\t\t\t\t<div class=\"elementor-widget-container\">\n\t\t\t\t\t\t\t\t\t\t\t\t\t\t\t<img loading=\"lazy\" decoding=\"async\" width=\"800\" height=\"533\" src=\"https:\/\/enjoyapartments.com\/wp-content\/uploads\/2024\/05\/apartment-barcelona-sagrada-art-21-1024x682-1.jpeg\" class=\"attachment-large size-large wp-image-1417\" alt=\"\" srcset=\"https:\/\/enjoyapartments.com\/wp-content\/uploads\/2024\/05\/apartment-barcelona-sagrada-art-21-1024x682-1.jpeg 1024w, https:\/\/enjoyapartments.com\/wp-content\/uploads\/2024\/05\/apartment-barcelona-sagrada-art-21-1024x682-1-300x200.jpeg 300w, https:\/\/enjoyapartments.com\/wp-content\/uploads\/2024\/05\/apartment-barcelona-sagrada-art-21-1024x682-1-768x512.jpeg 768w\" sizes=\"(max-width: 800px) 100vw, 800px\" \/>\t\t\t\t\t\t\t\t\t\t\t\t\t\t\t<\/div>\n\t\t\t\t<\/div>\n\t\t\t\t\t<\/div>\n\t\t<\/div>\n\t\t\t\t\t<\/div>\n\t\t<\/section>\n\t\t\t\t<section class=\"elementor-section elementor-inner-section elementor-element elementor-element-03ff083 elementor-section-boxed elementor-section-height-default elementor-section-height-default\" data-id=\"03ff083\" data-element_type=\"section\" data-e-type=\"section\">\n\t\t\t\t\t\t<div class=\"elementor-container elementor-column-gap-default\">\n\t\t\t\t\t<div class=\"elementor-column elementor-col-100 elementor-inner-column elementor-element elementor-element-548fed2\" data-id=\"548fed2\" data-element_type=\"column\" data-e-type=\"column\">\n\t\t\t<div class=\"elementor-widget-wrap elementor-element-populated\">\n\t\t\t\t\t\t\t<\/div>\n\t\t<\/div>\n\t\t\t\t\t<\/div>\n\t\t<\/section>\n\t\t\t\t<section class=\"elementor-section elementor-inner-section elementor-element elementor-element-f3bb57a elementor-section-boxed elementor-section-height-default elementor-section-height-default\" data-id=\"f3bb57a\" data-element_type=\"section\" data-e-type=\"section\">\n\t\t\t\t\t\t<div class=\"elementor-container elementor-column-gap-default\">\n\t\t\t\t\t<div class=\"elementor-column elementor-col-100 elementor-inner-column elementor-element elementor-element-24fb922\" data-id=\"24fb922\" data-element_type=\"column\" data-e-type=\"column\">\n\t\t\t<div class=\"elementor-widget-wrap elementor-element-populated\">\n\t\t\t\t\t\t<div class=\"elementor-element elementor-element-fea9fa5 elementor-widget elementor-widget-heading\" data-id=\"fea9fa5\" data-element_type=\"widget\" data-e-type=\"widget\" data-widget_type=\"heading.default\">\n\t\t\t\t<div class=\"elementor-widget-container\">\n\t\t\t\t\t<h2 class=\"elementor-heading-title elementor-size-default\">Predicar lo que prometemos.\n\n<\/h2>\t\t\t\t<\/div>\n\t\t\t\t<\/div>\n\t\t\t\t<div class=\"elementor-element elementor-element-83363d4 elementor-widget elementor-widget-image\" data-id=\"83363d4\" data-element_type=\"widget\" data-e-type=\"widget\" data-widget_type=\"image.default\">\n\t\t\t\t<div class=\"elementor-widget-container\">\n\t\t\t\t\t\t\t\t\t\t\t\t\t\t\t<img loading=\"lazy\" decoding=\"async\" width=\"719\" height=\"1024\" src=\"https:\/\/enjoyapartments.com\/wp-content\/uploads\/2024\/11\/Screenshot-2024-11-12-at-18.32.44-719x1024.png\" class=\"attachment-large size-large wp-image-1615\" alt=\"\" srcset=\"https:\/\/enjoyapartments.com\/wp-content\/uploads\/2024\/11\/Screenshot-2024-11-12-at-18.32.44-719x1024.png 719w, https:\/\/enjoyapartments.com\/wp-content\/uploads\/2024\/11\/Screenshot-2024-11-12-at-18.32.44-211x300.png 211w, https:\/\/enjoyapartments.com\/wp-content\/uploads\/2024\/11\/Screenshot-2024-11-12-at-18.32.44-768x1094.png 768w, https:\/\/enjoyapartments.com\/wp-content\/uploads\/2024\/11\/Screenshot-2024-11-12-at-18.32.44.png 786w\" sizes=\"(max-width: 719px) 100vw, 719px\" \/>\t\t\t\t\t\t\t\t\t\t\t\t\t\t\t<\/div>\n\t\t\t\t<\/div>\n\t\t\t\t\t<\/div>\n\t\t<\/div>\n\t\t\t\t\t<\/div>\n\t\t<\/section>\n\t\t\t\t\t<\/div>\n\t\t<\/div>\n\t\t\t\t\t<\/div>\n\t\t<\/section>\n\t\t\t\t<\/div>\n\t\t","protected":false},"excerpt":{"rendered":"<p>Turismo sostenible Pr\u00e1cticas medioambientales y sostenibilidad \u00bfQu\u00e9 hacemos en EnjoyApartments? Aplicamos activamente cambios en toda nuestra organizaci\u00f3n para mejorar o reducir nuestro uso de los recursos naturales y ser m\u00e1s conscientes del entorno tanto social como medioambiental. Abarcamos todos los niveles, desde el uso de las oficinas hasta la sostenibilidad de los apartamentos, pasando por [&hellip;]<\/p>\n","protected":false},"author":1,"featured_media":0,"parent":0,"menu_order":0,"comment_status":"closed","ping_status":"closed","template":"elementor_header_footer","meta":{"footnotes":""},"class_list":["post-2064","page","type-page","status-publish","hentry"],"_links":{"self":[{"href":"https:\/\/enjoyapartments.com\/es\/wp-json\/wp\/v2\/pages\/2064","targetHints":{"allow":["GET"]}}],"collection":[{"href":"https:\/\/enjoyapartments.com\/es\/wp-json\/wp\/v2\/pages"}],"about":[{"href":"https:\/\/enjoyapartments.com\/es\/wp-json\/wp\/v2\/types\/page"}],"author":[{"embeddable":true,"href":"https:\/\/enjoyapartments.com\/es\/wp-json\/wp\/v2\/users\/1"}],"replies":[{"embeddable":true,"href":"https:\/\/enjoyapartments.com\/es\/wp-json\/wp\/v2\/comments?post=2064"}],"version-history":[{"count":1,"href":"https:\/\/enjoyapartments.com\/es\/wp-json\/wp\/v2\/pages\/2064\/revisions"}],"predecessor-version":[{"id":2065,"href":"https:\/\/enjoyapartments.com\/es\/wp-json\/wp\/v2\/pages\/2064\/revisions\/2065"}],"wp:attachment":[{"href":"https:\/\/enjoyapartments.com\/es\/wp-json\/wp\/v2\/media?parent=2064"}],"curies":[{"name":"wp","href":"https:\/\/api.w.org\/{rel}","templated":true}]}}