{"id":2061,"date":"2024-05-03T08:27:38","date_gmt":"2024-05-03T08:27:38","guid":{"rendered":"https:\/\/enjoyapartments.com\/turismo-sustentavel\/"},"modified":"2025-05-22T20:42:16","modified_gmt":"2025-05-22T20:42:16","slug":"turismo-sustentavel","status":"publish","type":"page","link":"https:\/\/enjoyapartments.com\/pt-pt\/turismo-sustentavel\/","title":{"rendered":"Turismo sustent\u00e1vel"},"content":{"rendered":"\t\t<div data-elementor-type=\"wp-page\" data-elementor-id=\"2061\" class=\"elementor elementor-2061 elementor-510\" data-elementor-post-type=\"page\">\n\t\t\t\t\t\t<section class=\"elementor-section elementor-top-section elementor-element elementor-element-0905dff elementor-section-height-min-height elementor-section-boxed elementor-section-height-default elementor-section-items-middle\" data-id=\"0905dff\" data-element_type=\"section\" data-e-type=\"section\" data-settings=\"{&quot;background_background&quot;:&quot;classic&quot;}\">\n\t\t\t\t\t\t\t<div class=\"elementor-background-overlay\"><\/div>\n\t\t\t\t\t\t\t<div class=\"elementor-container elementor-column-gap-default\">\n\t\t\t\t\t<div class=\"elementor-column elementor-col-100 elementor-top-column elementor-element elementor-element-bc5a711\" data-id=\"bc5a711\" data-element_type=\"column\" data-e-type=\"column\">\n\t\t\t<div class=\"elementor-widget-wrap elementor-element-populated\">\n\t\t\t\t\t\t<div class=\"elementor-element elementor-element-ab129a3 elementor-widget elementor-widget-heading\" data-id=\"ab129a3\" data-element_type=\"widget\" data-e-type=\"widget\" data-widget_type=\"heading.default\">\n\t\t\t\t<div class=\"elementor-widget-container\">\n\t\t\t\t\t<h2 class=\"elementor-heading-title elementor-size-default\">Turismo sustent\u00e1vel\n<\/h2>\t\t\t\t<\/div>\n\t\t\t\t<\/div>\n\t\t\t\t<div class=\"elementor-element elementor-element-2d802a7 elementor-widget elementor-widget-text-editor\" data-id=\"2d802a7\" data-element_type=\"widget\" data-e-type=\"widget\" data-widget_type=\"text-editor.default\">\n\t\t\t\t<div class=\"elementor-widget-container\">\n\t\t\t\t\t\t\t\t\tPr\u00e1ticas ambientais e sustentabilidade\t\t\t\t\t\t\t\t<\/div>\n\t\t\t\t<\/div>\n\t\t\t\t\t<\/div>\n\t\t<\/div>\n\t\t\t\t\t<\/div>\n\t\t<\/section>\n\t\t\t\t<section class=\"elementor-section elementor-top-section elementor-element elementor-element-fa7a5e5 elementor-section-boxed elementor-section-height-default elementor-section-height-default\" data-id=\"fa7a5e5\" data-element_type=\"section\" data-e-type=\"section\" data-settings=\"{&quot;background_background&quot;:&quot;classic&quot;}\">\n\t\t\t\t\t\t<div class=\"elementor-container elementor-column-gap-default\">\n\t\t\t\t\t<div class=\"elementor-column elementor-col-100 elementor-top-column elementor-element elementor-element-58fcb0a\" data-id=\"58fcb0a\" data-element_type=\"column\" data-e-type=\"column\">\n\t\t\t<div class=\"elementor-widget-wrap elementor-element-populated\">\n\t\t\t\t\t\t<section class=\"elementor-section elementor-inner-section elementor-element elementor-element-8d492a5 elementor-section-boxed elementor-section-height-default elementor-section-height-default\" data-id=\"8d492a5\" data-element_type=\"section\" data-e-type=\"section\">\n\t\t\t\t\t\t<div class=\"elementor-container elementor-column-gap-default\">\n\t\t\t\t\t<div class=\"elementor-column elementor-col-100 elementor-inner-column elementor-element elementor-element-f717704\" data-id=\"f717704\" data-element_type=\"column\" data-e-type=\"column\">\n\t\t\t<div class=\"elementor-widget-wrap elementor-element-populated\">\n\t\t\t\t\t\t<div class=\"elementor-element elementor-element-233bdeb elementor-widget elementor-widget-heading\" data-id=\"233bdeb\" data-element_type=\"widget\" data-e-type=\"widget\" data-widget_type=\"heading.default\">\n\t\t\t\t<div class=\"elementor-widget-container\">\n\t\t\t\t\t<h2 class=\"elementor-heading-title elementor-size-default\">O que \u00e9 que fazemos na EnjoyApartments?\n\n<\/h2>\t\t\t\t<\/div>\n\t\t\t\t<\/div>\n\t\t\t\t<div class=\"elementor-element elementor-element-9469fc8 elementor-widget elementor-widget-text-editor\" data-id=\"9469fc8\" data-element_type=\"widget\" data-e-type=\"widget\" data-widget_type=\"text-editor.default\">\n\t\t\t\t<div class=\"elementor-widget-container\">\n\t\t\t\t\t\t\t\t\tImplementamos ativamente mudan\u00e7as em toda a nossa organiza\u00e7\u00e3o para melhorar ou reduzir a nossa utiliza\u00e7\u00e3o de recursos naturais e para estarmos mais conscientes do ambiente que nos rodeia, tanto a n\u00edvel social como ambiental. Abrangemos todos os n\u00edveis, desde a utiliza\u00e7\u00e3o do escrit\u00f3rio at\u00e9 \u00e0 sustentabilidade dos apartamentos, incluindo as melhores pr\u00e1ticas para o nosso pessoal, h\u00f3spedes e fornecedores. \n\t\t\t\t\t\t\t\t<\/div>\n\t\t\t\t<\/div>\n\t\t\t\t\t<\/div>\n\t\t<\/div>\n\t\t\t\t\t<\/div>\n\t\t<\/section>\n\t\t\t\t<section class=\"elementor-section elementor-inner-section elementor-element elementor-element-853aa86 elementor-section-boxed elementor-section-height-default elementor-section-height-default\" data-id=\"853aa86\" data-element_type=\"section\" data-e-type=\"section\">\n\t\t\t\t\t\t<div class=\"elementor-container elementor-column-gap-default\">\n\t\t\t\t\t<div class=\"elementor-column elementor-col-100 elementor-inner-column elementor-element elementor-element-efa57bf\" data-id=\"efa57bf\" data-element_type=\"column\" data-e-type=\"column\">\n\t\t\t<div class=\"elementor-widget-wrap elementor-element-populated\">\n\t\t\t\t\t\t<div class=\"elementor-element elementor-element-22dac49 elementor-widget elementor-widget-heading\" data-id=\"22dac49\" data-element_type=\"widget\" data-e-type=\"widget\" data-widget_type=\"heading.default\">\n\t\t\t\t<div class=\"elementor-widget-container\">\n\t\t\t\t\t<h2 class=\"elementor-heading-title elementor-size-default\">H\u00f3spedes e apartamentos.\n\n\n<\/h2>\t\t\t\t<\/div>\n\t\t\t\t<\/div>\n\t\t\t\t<div class=\"elementor-element elementor-element-d89ef22 elementor-widget elementor-widget-text-editor\" data-id=\"d89ef22\" data-element_type=\"widget\" data-e-type=\"widget\" data-widget_type=\"text-editor.default\">\n\t\t\t\t<div class=\"elementor-widget-container\">\n\t\t\t\t\t\t\t\t\tFornecemos aos nossos h\u00f3spedes um pequeno (e)guia com diferentes op\u00e7\u00f5es sobre como ser um turista respons\u00e1vel. As principais diretrizes incluem como consumir de forma respons\u00e1vel, separar os res\u00edduos e deslocar-se de forma ecol\u00f3gica, mas tamb\u00e9m um comportamento respeitoso para com os habitantes locais\/negros e fazer compras em lojas de bairro mais pequenas, retribuindo aos bairros.   \t\t\t\t\t\t\t\t<\/div>\n\t\t\t\t<\/div>\n\t\t\t\t\t<\/div>\n\t\t<\/div>\n\t\t\t\t\t<\/div>\n\t\t<\/section>\n\t\t\t\t<section class=\"elementor-section elementor-inner-section elementor-element elementor-element-63d030d elementor-section-boxed elementor-section-height-default elementor-section-height-default\" data-id=\"63d030d\" data-element_type=\"section\" data-e-type=\"section\">\n\t\t\t\t\t\t<div class=\"elementor-container elementor-column-gap-default\">\n\t\t\t\t\t<div class=\"elementor-column elementor-col-100 elementor-inner-column elementor-element elementor-element-17ef08b\" data-id=\"17ef08b\" data-element_type=\"column\" data-e-type=\"column\">\n\t\t\t<div class=\"elementor-widget-wrap elementor-element-populated\">\n\t\t\t\t\t\t<div class=\"elementor-element elementor-element-922359c elementor-widget elementor-widget-heading\" data-id=\"922359c\" data-element_type=\"widget\" data-e-type=\"widget\" data-widget_type=\"heading.default\">\n\t\t\t\t<div class=\"elementor-widget-container\">\n\t\t\t\t\t<h2 class=\"elementor-heading-title elementor-size-default\">Pessoal e escrit\u00f3rio.\n\n\n<\/h2>\t\t\t\t<\/div>\n\t\t\t\t<\/div>\n\t\t\t\t<div class=\"elementor-element elementor-element-85366e9 elementor-widget elementor-widget-text-editor\" data-id=\"85366e9\" data-element_type=\"widget\" data-e-type=\"widget\" data-widget_type=\"text-editor.default\">\n\t\t\t\t<div class=\"elementor-widget-container\">\n\t\t\t\t\t\t\t\t\tNo escrit\u00f3rio, tamb\u00e9m separamos o nosso lixo, tentamos reduzir o consumo de energia e imprimimos apenas quando necess\u00e1rio.  \t\t\t\t\t\t\t\t<\/div>\n\t\t\t\t<\/div>\n\t\t\t\t\t<\/div>\n\t\t<\/div>\n\t\t\t\t\t<\/div>\n\t\t<\/section>\n\t\t\t\t<section class=\"elementor-section elementor-inner-section elementor-element elementor-element-59efc9c elementor-section-boxed elementor-section-height-default elementor-section-height-default\" data-id=\"59efc9c\" data-element_type=\"section\" data-e-type=\"section\">\n\t\t\t\t\t\t<div class=\"elementor-container elementor-column-gap-default\">\n\t\t\t\t\t<div class=\"elementor-column elementor-col-100 elementor-inner-column elementor-element elementor-element-25f25c4\" data-id=\"25f25c4\" data-element_type=\"column\" data-e-type=\"column\">\n\t\t\t<div class=\"elementor-widget-wrap elementor-element-populated\">\n\t\t\t\t\t\t<div class=\"elementor-element elementor-element-939671d elementor-widget elementor-widget-heading\" data-id=\"939671d\" data-element_type=\"widget\" data-e-type=\"widget\" data-widget_type=\"heading.default\">\n\t\t\t\t<div class=\"elementor-widget-container\">\n\t\t\t\t\t<h2 class=\"elementor-heading-title elementor-size-default\">Fornecedores e parceiros.\n\n\n\n<\/h2>\t\t\t\t<\/div>\n\t\t\t\t<\/div>\n\t\t\t\t<div class=\"elementor-element elementor-element-4fcf3bf elementor-widget elementor-widget-text-editor\" data-id=\"4fcf3bf\" data-element_type=\"widget\" data-e-type=\"widget\" data-widget_type=\"text-editor.default\">\n\t\t\t\t<div class=\"elementor-widget-container\">\n\t\t\t\t\t\t\t\t\tSempre que poss\u00edvel, trabalhamos tamb\u00e9m com fornecedores e parceiros locais e sustent\u00e1veis. Acreditamos que estes pequenos passos nos aproximar\u00e3o mais de uma empresa respons\u00e1vel e talvez sejam um exemplo para outros. \n\n\t\t\t\t\t\t\t\t<\/div>\n\t\t\t\t<\/div>\n\t\t\t\t\t<\/div>\n\t\t<\/div>\n\t\t\t\t\t<\/div>\n\t\t<\/section>\n\t\t\t\t<section class=\"elementor-section elementor-inner-section elementor-element elementor-element-203bb7b elementor-section-boxed elementor-section-height-default elementor-section-height-default\" data-id=\"203bb7b\" data-element_type=\"section\" data-e-type=\"section\">\n\t\t\t\t\t\t<div class=\"elementor-container elementor-column-gap-default\">\n\t\t\t\t\t<div class=\"elementor-column elementor-col-50 elementor-inner-column elementor-element elementor-element-21ece9b\" data-id=\"21ece9b\" data-element_type=\"column\" data-e-type=\"column\">\n\t\t\t<div class=\"elementor-widget-wrap elementor-element-populated\">\n\t\t\t\t\t\t<div class=\"elementor-element elementor-element-8a5a310 elementor-widget elementor-widget-heading\" data-id=\"8a5a310\" data-element_type=\"widget\" data-e-type=\"widget\" data-widget_type=\"heading.default\">\n\t\t\t\t<div class=\"elementor-widget-container\">\n\t\t\t\t\t<h2 class=\"elementor-heading-title elementor-size-default\">Compromisso Biosfera e Barcelona + Sostenible.\n\n\n\n<\/h2>\t\t\t\t<\/div>\n\t\t\t\t<\/div>\n\t\t\t\t<div class=\"elementor-element elementor-element-c99c402 elementor-widget elementor-widget-text-editor\" data-id=\"c99c402\" data-element_type=\"widget\" data-e-type=\"widget\" data-widget_type=\"text-editor.default\">\n\t\t\t\t<div class=\"elementor-widget-container\">\n\t\t\t\t\t\t\t\t\tEstamos empenhados na Biosfera e estamos a participar ativamente e a melhorar.\n\n\t\t\t\t\t\t\t\t<\/div>\n\t\t\t\t<\/div>\n\t\t\t\t<div class=\"elementor-element elementor-element-9dca634 elementor-widget elementor-widget-heading\" data-id=\"9dca634\" data-element_type=\"widget\" data-e-type=\"widget\" data-widget_type=\"heading.default\">\n\t\t\t\t<div class=\"elementor-widget-container\">\n\t\t\t\t\t<h2 class=\"elementor-heading-title elementor-size-default\">Iniciativas pr\u00f3prias.\n\n\n\n<\/h2>\t\t\t\t<\/div>\n\t\t\t\t<\/div>\n\t\t\t\t<div class=\"elementor-element elementor-element-b4452e8 elementor-widget elementor-widget-text-editor\" data-id=\"b4452e8\" data-element_type=\"widget\" data-e-type=\"widget\" data-widget_type=\"text-editor.default\">\n\t\t\t\t<div class=\"elementor-widget-container\">\n\t\t\t\t\t\t\t\t\tNa EnjoyApartments cri\u00e1mos o Projeto Verde \u2663. Isso implica que plantamos uma \u00e1rvore por cada avalia\u00e7\u00e3o que estamos a receber. N\u00f3s temos sonhos de floresta!    \n\nVamos fazer isto juntos.\t\t\t\t\t\t\t\t<\/div>\n\t\t\t\t<\/div>\n\t\t\t\t\t<\/div>\n\t\t<\/div>\n\t\t\t\t<div class=\"elementor-column elementor-col-50 elementor-inner-column elementor-element elementor-element-ec243e2\" data-id=\"ec243e2\" data-element_type=\"column\" data-e-type=\"column\">\n\t\t\t<div class=\"elementor-widget-wrap elementor-element-populated\">\n\t\t\t\t\t\t<div class=\"elementor-element elementor-element-7cdafc3 elementor-widget elementor-widget-image\" data-id=\"7cdafc3\" data-element_type=\"widget\" data-e-type=\"widget\" data-widget_type=\"image.default\">\n\t\t\t\t<div class=\"elementor-widget-container\">\n\t\t\t\t\t\t\t\t\t\t\t\t\t\t\t<img fetchpriority=\"high\" decoding=\"async\" width=\"800\" height=\"858\" src=\"https:\/\/enjoyapartments.com\/wp-content\/uploads\/2024\/05\/logo-biosphere-955x1024.png\" class=\"attachment-large size-large wp-image-1398\" alt=\"\" srcset=\"https:\/\/enjoyapartments.com\/wp-content\/uploads\/2024\/05\/logo-biosphere-955x1024.png 955w, https:\/\/enjoyapartments.com\/wp-content\/uploads\/2024\/05\/logo-biosphere-280x300.png 280w, https:\/\/enjoyapartments.com\/wp-content\/uploads\/2024\/05\/logo-biosphere-768x823.png 768w, https:\/\/enjoyapartments.com\/wp-content\/uploads\/2024\/05\/logo-biosphere-1433x1536.png 1433w, https:\/\/enjoyapartments.com\/wp-content\/uploads\/2024\/05\/logo-biosphere.png 1543w\" sizes=\"(max-width: 800px) 100vw, 800px\" \/>\t\t\t\t\t\t\t\t\t\t\t\t\t\t\t<\/div>\n\t\t\t\t<\/div>\n\t\t\t\t<div class=\"elementor-element elementor-element-e8190ac elementor-widget elementor-widget-image\" data-id=\"e8190ac\" data-element_type=\"widget\" data-e-type=\"widget\" data-widget_type=\"image.default\">\n\t\t\t\t<div class=\"elementor-widget-container\">\n\t\t\t\t\t\t\t\t\t\t\t\t\t\t\t<img decoding=\"async\" width=\"360\" height=\"370\" src=\"https:\/\/enjoyapartments.com\/wp-content\/uploads\/2024\/05\/BCNsostenible.png\" class=\"attachment-large size-large wp-image-1404\" alt=\"\" srcset=\"https:\/\/enjoyapartments.com\/wp-content\/uploads\/2024\/05\/BCNsostenible.png 360w, https:\/\/enjoyapartments.com\/wp-content\/uploads\/2024\/05\/BCNsostenible-292x300.png 292w\" sizes=\"(max-width: 360px) 100vw, 360px\" \/>\t\t\t\t\t\t\t\t\t\t\t\t\t\t\t<\/div>\n\t\t\t\t<\/div>\n\t\t\t\t\t<\/div>\n\t\t<\/div>\n\t\t\t\t\t<\/div>\n\t\t<\/section>\n\t\t\t\t<section class=\"elementor-section elementor-inner-section elementor-element elementor-element-3bdf2ad elementor-section-boxed elementor-section-height-default elementor-section-height-default\" data-id=\"3bdf2ad\" data-element_type=\"section\" data-e-type=\"section\">\n\t\t\t\t\t\t<div class=\"elementor-container elementor-column-gap-default\">\n\t\t\t\t\t<div class=\"elementor-column elementor-col-50 elementor-inner-column elementor-element elementor-element-4ad858f\" data-id=\"4ad858f\" data-element_type=\"column\" data-e-type=\"column\">\n\t\t\t<div class=\"elementor-widget-wrap elementor-element-populated\">\n\t\t\t\t\t\t<div class=\"elementor-element elementor-element-847177e elementor-widget elementor-widget-image\" data-id=\"847177e\" data-element_type=\"widget\" data-e-type=\"widget\" data-widget_type=\"image.default\">\n\t\t\t\t<div class=\"elementor-widget-container\">\n\t\t\t\t\t\t\t\t\t\t\t\t\t\t\t<img decoding=\"async\" width=\"800\" height=\"533\" src=\"https:\/\/enjoyapartments.com\/wp-content\/uploads\/2024\/05\/apartment-barcelona-mercat-st-antoni-4-1-1024x682-1.jpeg\" class=\"attachment-large size-large wp-image-1410\" alt=\"\" srcset=\"https:\/\/enjoyapartments.com\/wp-content\/uploads\/2024\/05\/apartment-barcelona-mercat-st-antoni-4-1-1024x682-1.jpeg 1024w, https:\/\/enjoyapartments.com\/wp-content\/uploads\/2024\/05\/apartment-barcelona-mercat-st-antoni-4-1-1024x682-1-300x200.jpeg 300w, https:\/\/enjoyapartments.com\/wp-content\/uploads\/2024\/05\/apartment-barcelona-mercat-st-antoni-4-1-1024x682-1-768x512.jpeg 768w\" sizes=\"(max-width: 800px) 100vw, 800px\" \/>\t\t\t\t\t\t\t\t\t\t\t\t\t\t\t<\/div>\n\t\t\t\t<\/div>\n\t\t\t\t\t<\/div>\n\t\t<\/div>\n\t\t\t\t<div class=\"elementor-column elementor-col-50 elementor-inner-column elementor-element elementor-element-ba05cee\" data-id=\"ba05cee\" data-element_type=\"column\" data-e-type=\"column\">\n\t\t\t<div class=\"elementor-widget-wrap elementor-element-populated\">\n\t\t\t\t\t\t<div class=\"elementor-element elementor-element-de92a1c elementor-widget elementor-widget-image\" data-id=\"de92a1c\" data-element_type=\"widget\" data-e-type=\"widget\" data-widget_type=\"image.default\">\n\t\t\t\t<div class=\"elementor-widget-container\">\n\t\t\t\t\t\t\t\t\t\t\t\t\t\t\t<img loading=\"lazy\" decoding=\"async\" width=\"800\" height=\"533\" src=\"https:\/\/enjoyapartments.com\/wp-content\/uploads\/2024\/05\/apartment-barcelona-sagrada-art-21-1024x682-1.jpeg\" class=\"attachment-large size-large wp-image-1416\" alt=\"\" srcset=\"https:\/\/enjoyapartments.com\/wp-content\/uploads\/2024\/05\/apartment-barcelona-sagrada-art-21-1024x682-1.jpeg 1024w, https:\/\/enjoyapartments.com\/wp-content\/uploads\/2024\/05\/apartment-barcelona-sagrada-art-21-1024x682-1-300x200.jpeg 300w, https:\/\/enjoyapartments.com\/wp-content\/uploads\/2024\/05\/apartment-barcelona-sagrada-art-21-1024x682-1-768x512.jpeg 768w\" sizes=\"(max-width: 800px) 100vw, 800px\" \/>\t\t\t\t\t\t\t\t\t\t\t\t\t\t\t<\/div>\n\t\t\t\t<\/div>\n\t\t\t\t\t<\/div>\n\t\t<\/div>\n\t\t\t\t\t<\/div>\n\t\t<\/section>\n\t\t\t\t<section class=\"elementor-section elementor-inner-section elementor-element elementor-element-03ff083 elementor-section-boxed elementor-section-height-default elementor-section-height-default\" data-id=\"03ff083\" data-element_type=\"section\" data-e-type=\"section\">\n\t\t\t\t\t\t<div class=\"elementor-container elementor-column-gap-default\">\n\t\t\t\t\t<div class=\"elementor-column elementor-col-100 elementor-inner-column elementor-element elementor-element-548fed2\" data-id=\"548fed2\" data-element_type=\"column\" data-e-type=\"column\">\n\t\t\t<div class=\"elementor-widget-wrap elementor-element-populated\">\n\t\t\t\t\t\t\t<\/div>\n\t\t<\/div>\n\t\t\t\t\t<\/div>\n\t\t<\/section>\n\t\t\t\t<section class=\"elementor-section elementor-inner-section elementor-element elementor-element-f3bb57a elementor-section-boxed elementor-section-height-default elementor-section-height-default\" data-id=\"f3bb57a\" data-element_type=\"section\" data-e-type=\"section\">\n\t\t\t\t\t\t<div class=\"elementor-container elementor-column-gap-default\">\n\t\t\t\t\t<div class=\"elementor-column elementor-col-100 elementor-inner-column elementor-element elementor-element-24fb922\" data-id=\"24fb922\" data-element_type=\"column\" data-e-type=\"column\">\n\t\t\t<div class=\"elementor-widget-wrap elementor-element-populated\">\n\t\t\t\t\t\t<div class=\"elementor-element elementor-element-fea9fa5 elementor-widget elementor-widget-heading\" data-id=\"fea9fa5\" data-element_type=\"widget\" data-e-type=\"widget\" data-widget_type=\"heading.default\">\n\t\t\t\t<div class=\"elementor-widget-container\">\n\t\t\t\t\t<h2 class=\"elementor-heading-title elementor-size-default\">Prega o que prometemos.\n\n<\/h2>\t\t\t\t<\/div>\n\t\t\t\t<\/div>\n\t\t\t\t<div class=\"elementor-element elementor-element-83363d4 elementor-widget elementor-widget-image\" data-id=\"83363d4\" data-element_type=\"widget\" data-e-type=\"widget\" data-widget_type=\"image.default\">\n\t\t\t\t<div class=\"elementor-widget-container\">\n\t\t\t\t\t\t\t\t\t\t\t\t\t\t\t<img loading=\"lazy\" decoding=\"async\" width=\"719\" height=\"1024\" src=\"https:\/\/enjoyapartments.com\/wp-content\/uploads\/2024\/11\/Screenshot-2024-11-12-at-18.32.44-719x1024.png\" class=\"attachment-large size-large wp-image-1614\" alt=\"\" srcset=\"https:\/\/enjoyapartments.com\/wp-content\/uploads\/2024\/11\/Screenshot-2024-11-12-at-18.32.44-719x1024.png 719w, https:\/\/enjoyapartments.com\/wp-content\/uploads\/2024\/11\/Screenshot-2024-11-12-at-18.32.44-211x300.png 211w, https:\/\/enjoyapartments.com\/wp-content\/uploads\/2024\/11\/Screenshot-2024-11-12-at-18.32.44-768x1094.png 768w, https:\/\/enjoyapartments.com\/wp-content\/uploads\/2024\/11\/Screenshot-2024-11-12-at-18.32.44.png 786w\" sizes=\"(max-width: 719px) 100vw, 719px\" \/>\t\t\t\t\t\t\t\t\t\t\t\t\t\t\t<\/div>\n\t\t\t\t<\/div>\n\t\t\t\t\t<\/div>\n\t\t<\/div>\n\t\t\t\t\t<\/div>\n\t\t<\/section>\n\t\t\t\t\t<\/div>\n\t\t<\/div>\n\t\t\t\t\t<\/div>\n\t\t<\/section>\n\t\t\t\t<\/div>\n\t\t","protected":false},"excerpt":{"rendered":"<p>Turismo sustent\u00e1vel Pr\u00e1ticas ambientais e sustentabilidade O que \u00e9 que fazemos na EnjoyApartments? Implementamos ativamente mudan\u00e7as em toda a nossa organiza\u00e7\u00e3o para melhorar ou reduzir a nossa utiliza\u00e7\u00e3o de recursos naturais e para estarmos mais conscientes do ambiente que nos rodeia, tanto a n\u00edvel social como ambiental. Abrangemos todos os n\u00edveis, desde a utiliza\u00e7\u00e3o do [&hellip;]<\/p>\n","protected":false},"author":1,"featured_media":0,"parent":0,"menu_order":0,"comment_status":"closed","ping_status":"closed","template":"elementor_header_footer","meta":{"footnotes":""},"class_list":["post-2061","page","type-page","status-publish","hentry"],"_links":{"self":[{"href":"https:\/\/enjoyapartments.com\/pt-pt\/wp-json\/wp\/v2\/pages\/2061","targetHints":{"allow":["GET"]}}],"collection":[{"href":"https:\/\/enjoyapartments.com\/pt-pt\/wp-json\/wp\/v2\/pages"}],"about":[{"href":"https:\/\/enjoyapartments.com\/pt-pt\/wp-json\/wp\/v2\/types\/page"}],"author":[{"embeddable":true,"href":"https:\/\/enjoyapartments.com\/pt-pt\/wp-json\/wp\/v2\/users\/1"}],"replies":[{"embeddable":true,"href":"https:\/\/enjoyapartments.com\/pt-pt\/wp-json\/wp\/v2\/comments?post=2061"}],"version-history":[{"count":1,"href":"https:\/\/enjoyapartments.com\/pt-pt\/wp-json\/wp\/v2\/pages\/2061\/revisions"}],"predecessor-version":[{"id":2062,"href":"https:\/\/enjoyapartments.com\/pt-pt\/wp-json\/wp\/v2\/pages\/2061\/revisions\/2062"}],"wp:attachment":[{"href":"https:\/\/enjoyapartments.com\/pt-pt\/wp-json\/wp\/v2\/media?parent=2061"}],"curies":[{"name":"wp","href":"https:\/\/api.w.org\/{rel}","templated":true}]}}